{"id":4994,"date":"2023-02-16T22:46:09","date_gmt":"2023-02-16T22:46:09","guid":{"rendered":"https:\/\/i-valley.com\/our-products\/"},"modified":"2025-04-03T10:11:35","modified_gmt":"2025-04-03T10:11:35","slug":"our-products","status":"publish","type":"page","link":"https:\/\/i-valley.com\/de\/our-products\/","title":{"rendered":"Produkte"},"content":{"rendered":"\t\t<div data-elementor-type=\"wp-page\" data-elementor-id=\"4994\" class=\"elementor elementor-4994 elementor-1690\" data-elementor-settings=\"{&quot;ha_cmc_init_switcher&quot;:&quot;no&quot;}\" data-elementor-post-type=\"page\">\n\t\t\t\t\t\t<section class=\"elementor-section elementor-top-section elementor-element elementor-element-75d8cbf elementor-section-boxed elementor-section-height-default elementor-section-height-default\" data-id=\"75d8cbf\" data-element_type=\"section\">\n\t\t\t\t\t\t<div class=\"elementor-container elementor-column-gap-default\">\n\t\t\t\t\t<div class=\"elementor-column elementor-col-100 elementor-top-column elementor-element elementor-element-ed2e93a\" data-id=\"ed2e93a\" data-element_type=\"column\">\n\t\t\t<div class=\"elementor-widget-wrap elementor-element-populated\">\n\t\t\t\t\t\t<div class=\"elementor-element elementor-element-17e6971 elementor-widget elementor-widget-cz_image\" data-id=\"17e6971\" data-element_type=\"widget\" data-widget_type=\"cz_image.default\">\n\t\t\t\t<div class=\"elementor-widget-container\">\n\t\t\t\t\t\r\n\t\t<div class=\"cz_image clr cz_image_no_fx center_on_mobile\">\r\n\r\n\t\t\t<div>\r\n\r\n\t\t\t\t<div class=\"cz_image_in\">\r\n\r\n\t\t\t\t\t<div class=\"cz_main_image\"><img decoding=\"async\" width=\"165\" height=\"131\" src=\"data:image\/svg+xml,%3Csvg%20xmlns%3D&#39;http%3A%2F%2Fwww.w3.org%2F2000%2Fsvg&#39;%20width=&#39;165&#39;%20height=&#39;131&#39;%20viewBox%3D&#39;0%200%20165%20131&#39;%2F%3E\" data-czlz data-src=\"https:\/\/i-valley.com\/wp-content\/uploads\/2023\/03\/subscription.png\" class=\"attachment-full size-full wp-image-3278\" alt=\"\" \/><\/div>\r\n\r\n\t\t\t\t\t<div class=\"cz_hover_image\"><img decoding=\"async\" width=\"165\" height=\"131\" src=\"data:image\/svg+xml,%3Csvg%20xmlns%3D&#39;http%3A%2F%2Fwww.w3.org%2F2000%2Fsvg&#39;%20width=&#39;165&#39;%20height=&#39;131&#39;%20viewBox%3D&#39;0%200%20165%20131&#39;%2F%3E\" data-czlz data-src=\"https:\/\/i-valley.com\/wp-content\/uploads\/2023\/03\/subscription.png\" class=\"attachment-full size-full wp-image-3278\" alt=\"\" \/><\/div>\r\n\t\t\t\t<\/div>\r\n\r\n\t\t\t\t\r\n\t\t\t<\/div>\r\n\r\n\t\t<\/div>\r\n\r\n\t\t\t\t\t\t<\/div>\n\t\t\t\t<\/div>\n\t\t\t\t<div class=\"elementor-element elementor-element-8bddf63 elementor-widget elementor-widget-cz_title\" data-id=\"8bddf63\" data-element_type=\"widget\" data-widget_type=\"cz_title.default\">\n\t\t\t\t<div class=\"elementor-widget-container\">\n\t\t\t\t\t\t\r\n\t\t<div>\r\n\t\t\t<div class=\"cz_title clr cz_title_ba_line cz_title_pos_inline tac\"><div class=\"cz_title_content\"><div class=\"cz_wpe_content\"><p style=\"text-align: center;\"><span style=\"letter-spacing: 6px; color: #f68c1e; font-size: 24px;\">14 Jahre Erfahrung<\/span><\/p><\/div><div class=\"cz_title_line cz_line_after_title\"><span>_<\/span><\/div><\/div><\/div>\r\n\t\t<\/div>\r\n\t\t\r\n\t\t\t\t\t\t<\/div>\n\t\t\t\t<\/div>\n\t\t\t\t<div class=\"elementor-element elementor-element-0301210 elementor-widget elementor-widget-cz_title\" data-id=\"0301210\" data-element_type=\"widget\" data-widget_type=\"cz_title.default\">\n\t\t\t\t<div class=\"elementor-widget-container\">\n\t\t\t\t\t\t\r\n\t\t<div>\r\n\t\t\t<div class=\"cz_title clr cz_smart_fs cz_mobile_text_center cz_title_pos_inline tac\"><div class=\"cz_title_content\"><div class=\"cz_wpe_content\"><h3 style=\"text-align: center;\"><span style=\"font-size: 48px;\"> Unsere Produkte<\/span><\/h3><\/div><\/div><\/div>\r\n\t\t<\/div>\r\n\t\t\r\n\t\t\t\t\t\t<\/div>\n\t\t\t\t<\/div>\n\t\t\t\t<div class=\"elementor-element elementor-element-5a0a52a elementor-widget elementor-widget-text-editor\" data-id=\"5a0a52a\" data-element_type=\"widget\" data-widget_type=\"text-editor.default\">\n\t\t\t\t<div class=\"elementor-widget-container\">\n\t\t\t\t\t\t\t\t\t<p style=\"text-align: center;\"><span style=\"font-size: 20px;\">I-Valley verf\u00fcgt \u00fcber 10 Jahre Erfahrung darin, die Gesch\u00e4ftsanforderungen unserer Kunden in erfolgreiche Webl\u00f6sungen umzuwandeln, die ihre Gesch\u00e4ftsanforderungen erf\u00fcllen und zu ihren Strategien beitragen.<\/span><\/p>\t\t\t\t\t\t\t\t<\/div>\n\t\t\t\t<\/div>\n\t\t\t\t\t<\/div>\n\t\t<\/div>\n\t\t\t\t\t<\/div>\n\t\t<\/section>\n\t\t\t\t<section class=\"elementor-section elementor-top-section elementor-element elementor-element-40a45b9 products-section elementor-section-boxed elementor-section-height-default elementor-section-height-default\" data-id=\"40a45b9\" data-element_type=\"section\">\n\t\t\t\t\t\t<div class=\"elementor-container elementor-column-gap-default\">\n\t\t\t\t\t<div class=\"elementor-column elementor-col-20 elementor-top-column elementor-element elementor-element-e4b2d56\" data-id=\"e4b2d56\" data-element_type=\"column\">\n\t\t\t<div class=\"elementor-widget-wrap elementor-element-populated\">\n\t\t\t\t\t\t<div class=\"elementor-element elementor-element-8eab5c4 elementor-widget elementor-widget-cz_service_box\" data-id=\"8eab5c4\" data-element_type=\"widget\" data-widget_type=\"cz_service_box.default\">\n\t\t\t\t<div class=\"elementor-widget-container\">\n\t\t\t\t\t<div class=\"xtra-service-box-hove fx_zoom_0_hover\"><a href=\"https:\/\/i-valley.com\/de\/i-flights\/\"><div class=\"services clr style11 services_b\"><div class=\"service_img\"><img fetchpriority=\"high\" decoding=\"async\" width=\"768\" height=\"242\" src=\"data:image\/svg+xml,%3Csvg%20xmlns%3D&#39;http%3A%2F%2Fwww.w3.org%2F2000%2Fsvg&#39;%20width=&#39;768&#39;%20height=&#39;242&#39;%20viewBox%3D&#39;0%200%20768%20242&#39;%2F%3E\" data-czlz data-src=\"https:\/\/i-valley.com\/wp-content\/uploads\/2023\/02\/iflights-768x242.png\" class=\"attachment-medium_large size-medium_large wp-image-2613\" alt=\"\" data-srcset=\"https:\/\/i-valley.com\/wp-content\/uploads\/2023\/02\/iflights-768x242.png 768w, https:\/\/i-valley.com\/wp-content\/uploads\/2023\/02\/iflights-300x94.png 300w, https:\/\/i-valley.com\/wp-content\/uploads\/2023\/02\/iflights-600x189.png 600w, https:\/\/i-valley.com\/wp-content\/uploads\/2023\/02\/iflights.png 798w\" data-sizes=\"(max-width: 768px) 100vw, 768px\" \/><\/div><div class=\"service_text\"><span class=\"cz_sb_sep_line bar\"><\/span><div class=\"cz_wpe_content\"><p style=\"text-align: center;\">Vollst\u00e4ndig integrierte Luftfahrtl\u00f6sung<\/p><\/div><div class=\"cz_btn cz_btn_icon_after xtra-service-btn-center\"> <i class=\"fas fa-angle-double-right\"><\/i><\/div><\/div><\/div><\/a><\/div>\t\t\t\t<\/div>\n\t\t\t\t<\/div>\n\t\t\t\t\t<\/div>\n\t\t<\/div>\n\t\t\t\t<div class=\"elementor-column elementor-col-20 elementor-top-column elementor-element elementor-element-dad6744\" data-id=\"dad6744\" data-element_type=\"column\">\n\t\t\t<div class=\"elementor-widget-wrap elementor-element-populated\">\n\t\t\t\t\t\t<div class=\"elementor-element elementor-element-715f433 elementor-widget elementor-widget-cz_service_box\" data-id=\"715f433\" data-element_type=\"widget\" data-widget_type=\"cz_service_box.default\">\n\t\t\t\t<div class=\"elementor-widget-container\">\n\t\t\t\t\t<div class=\"xtra-service-box-hove fx_zoom_0_hover\"><a href=\"https:\/\/i-valley.com\/de\/bizlink\"><div class=\"services clr style11 services_b\"><div class=\"service_img\"><img decoding=\"async\" width=\"596\" height=\"321\" src=\"data:image\/svg+xml,%3Csvg%20xmlns%3D&#39;http%3A%2F%2Fwww.w3.org%2F2000%2Fsvg&#39;%20width=&#39;596&#39;%20height=&#39;321&#39;%20viewBox%3D&#39;0%200%20596%20321&#39;%2F%3E\" data-czlz data-src=\"https:\/\/i-valley.com\/wp-content\/uploads\/2023\/02\/group_1234.png\" class=\"attachment-medium_large size-medium_large wp-image-2611\" alt=\"\" data-srcset=\"https:\/\/i-valley.com\/wp-content\/uploads\/2023\/02\/group_1234.png 596w, https:\/\/i-valley.com\/wp-content\/uploads\/2023\/02\/group_1234-300x162.png 300w\" data-sizes=\"(max-width: 596px) 100vw, 596px\" \/><\/div><div class=\"service_text\"><span class=\"cz_sb_sep_line bar\"><\/span><div class=\"cz_wpe_content\"><p style=\"text-align: center;\">Vollst\u00e4ndig integrierte ERP-L\u00f6sung<\/p><\/div><div class=\"cz_btn cz_btn_icon_after xtra-service-btn-center\"><i class=\"fas fa-angle-double-right\"><\/i><\/div><\/div><\/div><\/a><\/div>\t\t\t\t<\/div>\n\t\t\t\t<\/div>\n\t\t\t\t\t<\/div>\n\t\t<\/div>\n\t\t\t\t<div class=\"elementor-column elementor-col-20 elementor-top-column elementor-element elementor-element-70adcae\" data-id=\"70adcae\" data-element_type=\"column\">\n\t\t\t<div class=\"elementor-widget-wrap elementor-element-populated\">\n\t\t\t\t\t\t<div class=\"elementor-element elementor-element-5f49275 elementor-widget elementor-widget-cz_service_box\" data-id=\"5f49275\" data-element_type=\"widget\" data-widget_type=\"cz_service_box.default\">\n\t\t\t\t<div class=\"elementor-widget-container\">\n\t\t\t\t\t<div class=\"xtra-service-box-hove fx_zoom_0_hover\"><a href=\"https:\/\/i-valley.com\/de\/inclass\"><div class=\"services clr style11 services_b\"><div class=\"service_img\"><img loading=\"lazy\" decoding=\"async\" width=\"596\" height=\"259\" src=\"data:image\/svg+xml,%3Csvg%20xmlns%3D&#39;http%3A%2F%2Fwww.w3.org%2F2000%2Fsvg&#39;%20width=&#39;596&#39;%20height=&#39;259&#39;%20viewBox%3D&#39;0%200%20596%20259&#39;%2F%3E\" data-czlz data-src=\"https:\/\/i-valley.com\/wp-content\/uploads\/2023\/02\/group_164.png\" class=\"attachment-medium_large size-medium_large wp-image-2607\" alt=\"\" data-srcset=\"https:\/\/i-valley.com\/wp-content\/uploads\/2023\/02\/group_164.png 596w, https:\/\/i-valley.com\/wp-content\/uploads\/2023\/02\/group_164-300x130.png 300w\" data-sizes=\"(max-width: 596px) 100vw, 596px\" \/><\/div><div class=\"service_text\"><span class=\"cz_sb_sep_line bar\"><\/span><div class=\"cz_wpe_content\"><p style=\"text-align: center;\">Intelligentes Trainingsmanagement system<\/p><\/div><div class=\"cz_btn cz_btn_icon_after xtra-service-btn-center\"><i class=\"fas fa-angle-double-right\"><\/i><\/div><\/div><\/div><\/a><\/div>\t\t\t\t<\/div>\n\t\t\t\t<\/div>\n\t\t\t\t\t<\/div>\n\t\t<\/div>\n\t\t\t\t<div class=\"elementor-column elementor-col-20 elementor-top-column elementor-element elementor-element-bcc5606\" data-id=\"bcc5606\" data-element_type=\"column\">\n\t\t\t<div class=\"elementor-widget-wrap elementor-element-populated\">\n\t\t\t\t\t\t<div class=\"elementor-element elementor-element-ac551fd elementor-widget elementor-widget-cz_service_box\" data-id=\"ac551fd\" data-element_type=\"widget\" data-widget_type=\"cz_service_box.default\">\n\t\t\t\t<div class=\"elementor-widget-container\">\n\t\t\t\t\t<div class=\"xtra-service-box-hove fx_zoom_0_hover\"><a href=\"https:\/\/i-valley.com\/de\/hospital-management-system\/\"><div class=\"services clr style11 services_b\"><div class=\"service_img\"><img loading=\"lazy\" decoding=\"async\" width=\"768\" height=\"189\" src=\"data:image\/svg+xml,%3Csvg%20xmlns%3D&#39;http%3A%2F%2Fwww.w3.org%2F2000%2Fsvg&#39;%20width=&#39;768&#39;%20height=&#39;189&#39;%20viewBox%3D&#39;0%200%20768%20189&#39;%2F%3E\" data-czlz data-src=\"https:\/\/i-valley.com\/wp-content\/uploads\/2023\/02\/group_165-768x189.png\" class=\"attachment-medium_large size-medium_large wp-image-2609\" alt=\"\" data-srcset=\"https:\/\/i-valley.com\/wp-content\/uploads\/2023\/02\/group_165-768x189.png 768w, https:\/\/i-valley.com\/wp-content\/uploads\/2023\/02\/group_165-300x74.png 300w, https:\/\/i-valley.com\/wp-content\/uploads\/2023\/02\/group_165-600x148.png 600w, https:\/\/i-valley.com\/wp-content\/uploads\/2023\/02\/group_165.png 874w\" data-sizes=\"(max-width: 768px) 100vw, 768px\" \/><\/div><div class=\"service_text\"><span class=\"cz_sb_sep_line bar\"><\/span><div class=\"cz_wpe_content\"><p style=\"text-align: center;\">Krankenhausmanagement system<\/p><\/div><div class=\"cz_btn cz_btn_icon_after xtra-service-btn-center\"><i class=\"fas fa-angle-double-right\"><\/i><\/div><\/div><\/div><\/a><\/div>\t\t\t\t<\/div>\n\t\t\t\t<\/div>\n\t\t\t\t\t<\/div>\n\t\t<\/div>\n\t\t\t\t<div class=\"elementor-column elementor-col-20 elementor-top-column elementor-element elementor-element-e42d175\" data-id=\"e42d175\" data-element_type=\"column\">\n\t\t\t<div class=\"elementor-widget-wrap elementor-element-populated\">\n\t\t\t\t\t\t<div class=\"elementor-element elementor-element-9466e68 elementor-widget elementor-widget-cz_service_box\" data-id=\"9466e68\" data-element_type=\"widget\" data-widget_type=\"cz_service_box.default\">\n\t\t\t\t<div class=\"elementor-widget-container\">\n\t\t\t\t\t<div class=\"xtra-service-box-hove fx_zoom_0_hover\"><a href=\"https:\/\/schoolu.i-valley.com\"><div class=\"services clr style11 services_b\"><div class=\"service_img\"><img loading=\"lazy\" decoding=\"async\" width=\"521\" height=\"125\" src=\"data:image\/svg+xml,%3Csvg%20xmlns%3D&#39;http%3A%2F%2Fwww.w3.org%2F2000%2Fsvg&#39;%20width=&#39;521&#39;%20height=&#39;125&#39;%20viewBox%3D&#39;0%200%20521%20125&#39;%2F%3E\" data-czlz data-src=\"https:\/\/i-valley.com\/wp-content\/uploads\/2023\/02\/schoolulogo2.png\" class=\"attachment-medium_large size-medium_large wp-image-2620\" alt=\"\" data-srcset=\"https:\/\/i-valley.com\/wp-content\/uploads\/2023\/02\/schoolulogo2.png 521w, https:\/\/i-valley.com\/wp-content\/uploads\/2023\/02\/schoolulogo2-300x72.png 300w\" data-sizes=\"(max-width: 521px) 100vw, 521px\" \/><\/div><div class=\"service_text\"><span class=\"cz_sb_sep_line bar\"><\/span><div class=\"cz_wpe_content\"><p style=\"text-align: center;\">Schulverwaltungs system<\/p><\/div><div class=\"cz_btn cz_btn_icon_after xtra-service-btn-center\"><i class=\"fas fa-angle-double-right\"><\/i><\/div><\/div><\/div><\/a><\/div>\t\t\t\t<\/div>\n\t\t\t\t<\/div>\n\t\t\t\t\t<\/div>\n\t\t<\/div>\n\t\t\t\t\t<\/div>\n\t\t<\/section>\n\t\t\t\t<section class=\"elementor-section elementor-top-section elementor-element elementor-element-5729f19 elementor-section-boxed elementor-section-height-default elementor-section-height-default\" data-id=\"5729f19\" data-element_type=\"section\">\n\t\t\t\t\t\t<div class=\"elementor-container elementor-column-gap-default\">\n\t\t\t\t\t<div class=\"elementor-column elementor-col-100 elementor-top-column elementor-element elementor-element-dde8061\" data-id=\"dde8061\" data-element_type=\"column\">\n\t\t\t<div class=\"elementor-widget-wrap elementor-element-populated\">\n\t\t\t\t\t\t<section class=\"elementor-section elementor-inner-section elementor-element elementor-element-f3e5eaf elementor-section-boxed elementor-section-height-default elementor-section-height-default\" data-id=\"f3e5eaf\" data-element_type=\"section\">\n\t\t\t\t\t\t<div class=\"elementor-container elementor-column-gap-default\">\n\t\t\t\t\t<div class=\"elementor-column elementor-col-50 elementor-inner-column elementor-element elementor-element-07d11fe\" data-id=\"07d11fe\" data-element_type=\"column\">\n\t\t\t<div class=\"elementor-widget-wrap elementor-element-populated\">\n\t\t\t\t\t\t<div class=\"elementor-element elementor-element-87ca946 elementor-widget elementor-widget-cz_title\" data-id=\"87ca946\" data-element_type=\"widget\" data-widget_type=\"cz_title.default\">\n\t\t\t\t<div class=\"elementor-widget-container\">\n\t\t\t\t\t\t\r\n\t\t<div>\r\n\t\t\t<div class=\"cz_title clr cz_smart_fs cz_mobile_text_center cz_title_pos_inline\"><div class=\"cz_title_content\"><div class=\"cz_wpe_content\"><h3><span style=\"font-size: 40px;\"><span style=\"color: #f68c1e;\">Bereit?<\/span>\nStarten Sie Ihr eigenes Unternehmen mit I-Valley<\/span><\/h3>\n<span style=\"font-size: 24px; color: #aaaaaa;\">Wir sind hier, um Ihr neues Projekt zu beginnen und es bald fertigzustellen<\/span><\/div><\/div><\/div>\r\n\t\t<\/div>\r\n\t\t\r\n\t\t\t\t\t\t<\/div>\n\t\t\t\t<\/div>\n\t\t\t\t\t<\/div>\n\t\t<\/div>\n\t\t\t\t<div class=\"elementor-column elementor-col-50 elementor-inner-column elementor-element elementor-element-7628470\" data-id=\"7628470\" data-element_type=\"column\">\n\t\t\t<div class=\"elementor-widget-wrap elementor-element-populated\">\n\t\t\t\t\t\t<div class=\"elementor-element elementor-element-c103fe8 elementor-widget elementor-widget-cz_button\" data-id=\"c103fe8\" data-element_type=\"widget\" data-widget_type=\"cz_button.default\">\n\t\t\t\t<div class=\"elementor-widget-container\">\n\t\t\t\t\t\t\t<div class=\"cz_btn_center\">\r\n\t\t\t<div>\r\n\t\t\t\t<a href=\"tel:+201228404078\" class=\"cz_btn cz_btn_txt_no_fx cz_btn_no_fx\">\r\n\r\n\t\t\t\t\t<span><i class=\"czi czico-123-call\"><\/i>\t\t\t\t\t\t<strong>\u00c4gypten-B\u00fcro\t\t\t\t\t\t\t\t\t\t\t\t\t<\/strong>\r\n\t\t\t\t\t\t\t\t\t\t\t<\/span>\r\n\r\n\t\t\t\t\t<b class=\"cz_btn_onhover\">\r\n\t\t\t\t\t\t<i class=\"czi czico-123-call\"><\/i>\t\t\t\t\t\t<strong>\r\n\t\t\t\t\t\t\t\u00c4gypten-B\u00fcro\t\t\t\t\t\t\t\t\t\t\t\t\t<\/strong>\r\n\t\t\t\t\t\t\t\t\t\t\t<\/b>\r\n\r\n\t\t\t\t<\/a>\r\n\t\t\t<\/div>\r\n\t\t<\/div> \t\t\t\t\t\t<\/div>\n\t\t\t\t<\/div>\n\t\t\t\t<div class=\"elementor-element elementor-element-c656dcc elementor-hidden-desktop elementor-hidden-tablet elementor-hidden-mobile elementor-widget elementor-widget-cz_button\" data-id=\"c656dcc\" data-element_type=\"widget\" data-widget_type=\"cz_button.default\">\n\t\t\t\t<div class=\"elementor-widget-container\">\n\t\t\t\t\t\t\t<div class=\"cz_btn_center\">\r\n\t\t\t<div>\r\n\t\t\t\t<a href=\"tel:+966554423814\" class=\"cz_btn cz_btn_txt_no_fx cz_btn_no_fx\">\r\n\r\n\t\t\t\t\t<span><i class=\"czi czico-123-call\"><\/i>\t\t\t\t\t\t<strong>Saudisches B\u00fcro\t\t\t\t\t\t\t\t\t\t\t\t\t<\/strong>\r\n\t\t\t\t\t\t\t\t\t\t\t<\/span>\r\n\r\n\t\t\t\t\t<b class=\"cz_btn_onhover\">\r\n\t\t\t\t\t\t<i class=\"czi czico-123-call\"><\/i>\t\t\t\t\t\t<strong>\r\n\t\t\t\t\t\t\tSaudisches B\u00fcro\t\t\t\t\t\t\t\t\t\t\t\t\t<\/strong>\r\n\t\t\t\t\t\t\t\t\t\t\t<\/b>\r\n\r\n\t\t\t\t<\/a>\r\n\t\t\t<\/div>\r\n\t\t<\/div> \t\t\t\t\t\t<\/div>\n\t\t\t\t<\/div>\n\t\t\t\t\t<\/div>\n\t\t<\/div>\n\t\t\t\t\t<\/div>\n\t\t<\/section>\n\t\t\t\t\t<\/div>\n\t\t<\/div>\n\t\t\t\t\t<\/div>\n\t\t<\/section>\n\t\t\t\t<section class=\"elementor-section elementor-top-section elementor-element elementor-element-2cb55f93 elementor-section-stretched elementor-section-boxed elementor-section-height-default elementor-section-height-default\" data-id=\"2cb55f93\" data-element_type=\"section\" data-settings=\"{&quot;stretch_section&quot;:&quot;section-stretched&quot;,&quot;background_background&quot;:&quot;classic&quot;}\">\n\t\t\t\t\t\t<div class=\"elementor-container elementor-column-gap-default\">\n\t\t\t\t\t<div class=\"elementor-column elementor-col-100 elementor-top-column elementor-element elementor-element-125b340b\" data-id=\"125b340b\" data-element_type=\"column\">\n\t\t\t<div class=\"elementor-widget-wrap elementor-element-populated\">\n\t\t\t\t\t\t<div class=\"elementor-element elementor-element-3e0052e9 elementor-widget elementor-widget-cz_gap\" data-id=\"3e0052e9\" data-element_type=\"widget\" data-widget_type=\"cz_gap.default\">\n\t\t\t\t<div class=\"elementor-widget-container\">\n\t\t\t\t\t<div class=\"cz_gap clr\"><\/div>\t\t\t\t<\/div>\n\t\t\t\t<\/div>\n\t\t\t\t\t<\/div>\n\t\t<\/div>\n\t\t\t\t\t<\/div>\n\t\t<\/section>\n\t\t\t\t<\/div>\n\t\t","protected":false},"excerpt":{"rendered":"<p>14 Jahre Erfahrung _ Unsere Produkte I-Valley verf\u00fcgt \u00fcber 10 Jahre &#8230; <\/p>\n","protected":false},"author":1,"featured_media":0,"parent":0,"menu_order":0,"comment_status":"closed","ping_status":"closed","template":"","meta":{"footnotes":""},"class_list":["post-4994","page","type-page","status-publish","hentry"],"yoast_head":"<!-- This site is optimized with the Yoast SEO plugin v21.6 - https:\/\/yoast.com\/wordpress\/plugins\/seo\/ -->\n<title>Produkte - I-Valley<\/title>\n<meta name=\"robots\" content=\"index, follow, max-snippet:-1, max-image-preview:large, max-video-preview:-1\" \/>\n<link rel=\"canonical\" href=\"https:\/\/i-valley.com\/our-products\/\" \/>\n<meta property=\"og:locale\" content=\"de_DE\" \/>\n<meta property=\"og:type\" content=\"article\" \/>\n<meta property=\"og:title\" content=\"Produkte - I-Valley\" \/>\n<meta property=\"og:description\" content=\"14 Jahre Erfahrung _ Unsere Produkte I-Valley verf\u00fcgt \u00fcber 10 Jahre ...\" \/>\n<meta property=\"og:url\" content=\"https:\/\/i-valley.com\/our-products\/\" \/>\n<meta property=\"og:site_name\" content=\"I-Valley\" \/>\n<meta property=\"article:publisher\" content=\"https:\/\/www.facebook.com\/IvalleySoftware\" \/>\n<meta property=\"article:modified_time\" content=\"2025-04-03T10:11:35+00:00\" \/>\n<meta property=\"og:image\" content=\"https:\/\/i-valley.com\/wp-content\/uploads\/2023\/03\/subscription.png\" \/>\n<meta name=\"twitter:card\" content=\"summary_large_image\" \/>\n<meta name=\"twitter:site\" content=\"@ivalley1\" \/>\n<meta name=\"twitter:label1\" content=\"Gesch\u00e4tzte Lesezeit\" \/>\n\t<meta name=\"twitter:data1\" content=\"2\u00a0Minuten\" \/>\n<script type=\"application\/ld+json\" class=\"yoast-schema-graph\">{\"@context\":\"https:\/\/schema.org\",\"@graph\":[{\"@type\":\"WebPage\",\"@id\":\"https:\/\/i-valley.com\/our-products\/\",\"url\":\"https:\/\/i-valley.com\/our-products\/\",\"name\":\"Produkte - I-Valley\",\"isPartOf\":{\"@id\":\"https:\/\/i-valley.com\/#website\"},\"datePublished\":\"2023-02-16T22:46:09+00:00\",\"dateModified\":\"2025-04-03T10:11:35+00:00\",\"breadcrumb\":{\"@id\":\"https:\/\/i-valley.com\/our-products\/#breadcrumb\"},\"inLanguage\":\"de\",\"potentialAction\":[{\"@type\":\"ReadAction\",\"target\":[\"https:\/\/i-valley.com\/our-products\/\"]}]},{\"@type\":\"BreadcrumbList\",\"@id\":\"https:\/\/i-valley.com\/our-products\/#breadcrumb\",\"itemListElement\":[{\"@type\":\"ListItem\",\"position\":1,\"name\":\"Home\",\"item\":\"https:\/\/i-valley.com\/\"},{\"@type\":\"ListItem\",\"position\":2,\"name\":\"Produkte\"}]},{\"@type\":\"WebSite\",\"@id\":\"https:\/\/i-valley.com\/#website\",\"url\":\"https:\/\/i-valley.com\/\",\"name\":\"I-Valley\",\"description\":\"Software Solutions\",\"publisher\":{\"@id\":\"https:\/\/i-valley.com\/#organization\"},\"potentialAction\":[{\"@type\":\"SearchAction\",\"target\":{\"@type\":\"EntryPoint\",\"urlTemplate\":\"https:\/\/i-valley.com\/?s={search_term_string}\"},\"query-input\":\"required name=search_term_string\"}],\"inLanguage\":\"de\"},{\"@type\":\"Organization\",\"@id\":\"https:\/\/i-valley.com\/#organization\",\"name\":\"I-Valley Software House\",\"url\":\"https:\/\/i-valley.com\/\",\"logo\":{\"@type\":\"ImageObject\",\"inLanguage\":\"de\",\"@id\":\"https:\/\/i-valley.com\/#\/schema\/logo\/image\/\",\"url\":\"https:\/\/i-valley.com\/wp-content\/uploads\/2023\/02\/logo-2023-shadow4.png\",\"contentUrl\":\"https:\/\/i-valley.com\/wp-content\/uploads\/2023\/02\/logo-2023-shadow4.png\",\"width\":191,\"height\":63,\"caption\":\"I-Valley Software House\"},\"image\":{\"@id\":\"https:\/\/i-valley.com\/#\/schema\/logo\/image\/\"},\"sameAs\":[\"https:\/\/www.facebook.com\/IvalleySoftware\",\"https:\/\/twitter.com\/ivalley1\",\"https:\/\/www.linkedin.com\/in\/i-valley-software-solutions-265092137\/\",\"https:\/\/www.instagram.com\/ivalleysoftware\/\"]}]}<\/script>\n<!-- \/ Yoast SEO plugin. -->","yoast_head_json":{"title":"Produkte - I-Valley","robots":{"index":"index","follow":"follow","max-snippet":"max-snippet:-1","max-image-preview":"max-image-preview:large","max-video-preview":"max-video-preview:-1"},"canonical":"https:\/\/i-valley.com\/our-products\/","og_locale":"de_DE","og_type":"article","og_title":"Produkte - I-Valley","og_description":"14 Jahre Erfahrung _ Unsere Produkte I-Valley verf\u00fcgt \u00fcber 10 Jahre ...","og_url":"https:\/\/i-valley.com\/our-products\/","og_site_name":"I-Valley","article_publisher":"https:\/\/www.facebook.com\/IvalleySoftware","article_modified_time":"2025-04-03T10:11:35+00:00","og_image":[{"url":"https:\/\/i-valley.com\/wp-content\/uploads\/2023\/03\/subscription.png"}],"twitter_card":"summary_large_image","twitter_site":"@ivalley1","twitter_misc":{"Gesch\u00e4tzte Lesezeit":"2\u00a0Minuten"},"schema":{"@context":"https:\/\/schema.org","@graph":[{"@type":"WebPage","@id":"https:\/\/i-valley.com\/our-products\/","url":"https:\/\/i-valley.com\/our-products\/","name":"Produkte - I-Valley","isPartOf":{"@id":"https:\/\/i-valley.com\/#website"},"datePublished":"2023-02-16T22:46:09+00:00","dateModified":"2025-04-03T10:11:35+00:00","breadcrumb":{"@id":"https:\/\/i-valley.com\/our-products\/#breadcrumb"},"inLanguage":"de","potentialAction":[{"@type":"ReadAction","target":["https:\/\/i-valley.com\/our-products\/"]}]},{"@type":"BreadcrumbList","@id":"https:\/\/i-valley.com\/our-products\/#breadcrumb","itemListElement":[{"@type":"ListItem","position":1,"name":"Home","item":"https:\/\/i-valley.com\/"},{"@type":"ListItem","position":2,"name":"Produkte"}]},{"@type":"WebSite","@id":"https:\/\/i-valley.com\/#website","url":"https:\/\/i-valley.com\/","name":"I-Valley","description":"Software Solutions","publisher":{"@id":"https:\/\/i-valley.com\/#organization"},"potentialAction":[{"@type":"SearchAction","target":{"@type":"EntryPoint","urlTemplate":"https:\/\/i-valley.com\/?s={search_term_string}"},"query-input":"required name=search_term_string"}],"inLanguage":"de"},{"@type":"Organization","@id":"https:\/\/i-valley.com\/#organization","name":"I-Valley Software House","url":"https:\/\/i-valley.com\/","logo":{"@type":"ImageObject","inLanguage":"de","@id":"https:\/\/i-valley.com\/#\/schema\/logo\/image\/","url":"https:\/\/i-valley.com\/wp-content\/uploads\/2023\/02\/logo-2023-shadow4.png","contentUrl":"https:\/\/i-valley.com\/wp-content\/uploads\/2023\/02\/logo-2023-shadow4.png","width":191,"height":63,"caption":"I-Valley Software House"},"image":{"@id":"https:\/\/i-valley.com\/#\/schema\/logo\/image\/"},"sameAs":["https:\/\/www.facebook.com\/IvalleySoftware","https:\/\/twitter.com\/ivalley1","https:\/\/www.linkedin.com\/in\/i-valley-software-solutions-265092137\/","https:\/\/www.instagram.com\/ivalleysoftware\/"]}]}},"_links":{"self":[{"href":"https:\/\/i-valley.com\/de\/wp-json\/wp\/v2\/pages\/4994","targetHints":{"allow":["GET"]}}],"collection":[{"href":"https:\/\/i-valley.com\/de\/wp-json\/wp\/v2\/pages"}],"about":[{"href":"https:\/\/i-valley.com\/de\/wp-json\/wp\/v2\/types\/page"}],"author":[{"embeddable":true,"href":"https:\/\/i-valley.com\/de\/wp-json\/wp\/v2\/users\/1"}],"replies":[{"embeddable":true,"href":"https:\/\/i-valley.com\/de\/wp-json\/wp\/v2\/comments?post=4994"}],"version-history":[{"count":0,"href":"https:\/\/i-valley.com\/de\/wp-json\/wp\/v2\/pages\/4994\/revisions"}],"wp:attachment":[{"href":"https:\/\/i-valley.com\/de\/wp-json\/wp\/v2\/media?parent=4994"}],"curies":[{"name":"wp","href":"https:\/\/api.w.org\/{rel}","templated":true}]}}