{"id":4969,"date":"2017-06-10T08:25:52","date_gmt":"2017-06-10T08:25:52","guid":{"rendered":"https:\/\/i-valley.com\/contact\/"},"modified":"2025-04-03T09:50:21","modified_gmt":"2025-04-03T09:50:21","slug":"contact","status":"publish","type":"page","link":"https:\/\/i-valley.com\/de\/contact\/","title":{"rendered":"Kontakt"},"content":{"rendered":"\t\t<div data-elementor-type=\"wp-page\" data-elementor-id=\"4969\" class=\"elementor elementor-4969 elementor-18\" data-elementor-settings=\"{&quot;ha_cmc_init_switcher&quot;:&quot;no&quot;}\" data-elementor-post-type=\"page\">\n\t\t\t\t\t\t<section class=\"elementor-section elementor-top-section elementor-element elementor-element-bf8861b elementor-section-boxed elementor-section-height-default elementor-section-height-default\" data-id=\"bf8861b\" data-element_type=\"section\">\n\t\t\t\t\t\t<div class=\"elementor-container elementor-column-gap-default\">\n\t\t\t\t\t<div class=\"elementor-column elementor-col-50 elementor-top-column elementor-element elementor-element-2eb747b\" data-id=\"2eb747b\" data-element_type=\"column\">\n\t\t\t<div class=\"elementor-widget-wrap elementor-element-populated\">\n\t\t\t\t\t\t<div class=\"elementor-element elementor-element-8b1fc3d elementor-widget elementor-widget-cz_gap\" data-id=\"8b1fc3d\" data-element_type=\"widget\" data-widget_type=\"cz_gap.default\">\n\t\t\t\t<div class=\"elementor-widget-container\">\n\t\t\t\t\t<div class=\"cz_gap clr\"><\/div>\t\t\t\t<\/div>\n\t\t\t\t<\/div>\n\t\t<div class=\"elementor-element elementor-element-7b10976 e-con-full e-flex e-con e-parent\" data-id=\"7b10976\" data-element_type=\"container\">\n\t\t<div class=\"elementor-element elementor-element-0e098db e-con-full e-flex e-con e-child\" data-id=\"0e098db\" data-element_type=\"container\">\n\t\t\t\t<div class=\"elementor-element elementor-element-419c4e9 elementor-widget elementor-widget-image\" data-id=\"419c4e9\" data-element_type=\"widget\" data-widget_type=\"image.default\">\n\t\t\t\t<div class=\"elementor-widget-container\">\n\t\t\t\t\t\t\t\t\t\t\t\t\t\t\t<img decoding=\"async\" width=\"64\" height=\"64\" src=\"data:image\/svg+xml,%3Csvg%20xmlns%3D&#39;http%3A%2F%2Fwww.w3.org%2F2000%2Fsvg&#39;%20width=&#39;64&#39;%20height=&#39;64&#39;%20viewBox%3D&#39;0%200%2064%2064&#39;%2F%3E\" data-czlz data-src=\"https:\/\/i-valley.com\/wp-content\/uploads\/2023\/02\/egypt.png\" class=\"attachment-large size-large wp-image-1858\" alt=\"\" \/>\t\t\t\t\t\t\t\t\t\t\t\t\t\t\t<\/div>\n\t\t\t\t<\/div>\n\t\t\t\t<\/div>\n\t\t<div class=\"elementor-element elementor-element-29e72b5 e-con-full e-flex e-con e-child\" data-id=\"29e72b5\" data-element_type=\"container\">\n\t\t\t\t<div class=\"elementor-element elementor-element-87dc16a elementor-widget elementor-widget-cz_title\" data-id=\"87dc16a\" data-element_type=\"widget\" data-widget_type=\"cz_title.default\">\n\t\t\t\t<div class=\"elementor-widget-container\">\n\t\t\t\t\t\t\r\n\t\t<div>\r\n\t\t\t<div class=\"cz_title clr cz_smart_fs cz_mobile_text_center cz_title_pos_inline\"><div class=\"cz_title_content\"><div class=\"cz_wpe_content\"><h3><span style=\"font-size: 38px;\"> \u00c4gypten-B\u00fcro <\/span><\/h3><\/div><\/div><\/div>\r\n\t\t<\/div>\r\n\t\t\r\n\t\t\t\t\t\t<\/div>\n\t\t\t\t<\/div>\n\t\t\t\t<\/div>\n\t\t\t\t<\/div>\n\t\t\t\t<div class=\"elementor-element elementor-element-ff9cc97 elementor-widget elementor-widget-cz_gap\" data-id=\"ff9cc97\" data-element_type=\"widget\" data-widget_type=\"cz_gap.default\">\n\t\t\t\t<div class=\"elementor-widget-container\">\n\t\t\t\t\t<div class=\"cz_gap clr\"><\/div>\t\t\t\t<\/div>\n\t\t\t\t<\/div>\n\t\t\t\t<div class=\"elementor-element elementor-element-f1a6dbb elementor-widget elementor-widget-cz_stylish_list\" data-id=\"f1a6dbb\" data-element_type=\"widget\" data-widget_type=\"cz_stylish_list.default\">\n\t\t\t\t<div class=\"elementor-widget-container\">\n\t\t\t\t\t<ul class=\"cz_stylish_list clr center_on_mobile cz_sl_icon_hover_push_in\"><li class=\"elementor-repeater-item-487a314 clr\"><div class=\"cz_sl_icon\"><i class=\"mr10 fa czico-083-placeholder-1\"><\/i><\/div><div><span>Kairo, \u00c4gypten<small>221 Gesr El Suez Street, Heliopolis, Gouvernement Kairo<\/small><\/span><\/div><\/li><li class=\"elementor-repeater-item-923f9b1 clr\"><div class=\"cz_sl_icon\"><i class=\"mr10 fa czico-006-speech-bubble-with-text-lines\"><\/i><\/div><div><span>info@i-valley.com<small>Schreiben Sie uns eine E-Mail<\/small><\/span><\/div><\/li><li class=\"elementor-repeater-item-be0136f clr\"><div class=\"cz_sl_icon\"><i class=\"mr10 fa czico-092-phone-call-1\"><\/i><\/div><div><span>002 01228404078<small>Sonntag-Donnerstag 9:00 - 23:00 Uhr<\/small><\/span><\/div><\/li><li class=\"elementor-repeater-item-78388bb clr\"><div class=\"cz_sl_icon\"><i class=\"mr10 fas fa-fax\"><\/i><\/div><div><span>002 022 633 9694<small>Sonntag-Donnerstag 9:00 - 23:00 Uhr<\/small><\/span><\/div><\/li><\/ul>\t\t\t\t<\/div>\n\t\t\t\t<\/div>\n\t\t\t\t\t<\/div>\n\t\t<\/div>\n\t\t\t\t<div class=\"elementor-column elementor-col-50 elementor-top-column elementor-element elementor-element-50dc57e elementor-hidden-desktop elementor-hidden-tablet elementor-hidden-mobile\" data-id=\"50dc57e\" data-element_type=\"column\">\n\t\t\t<div class=\"elementor-widget-wrap elementor-element-populated\">\n\t\t\t\t\t\t<div class=\"elementor-element elementor-element-40eea2c elementor-widget elementor-widget-cz_gap\" data-id=\"40eea2c\" data-element_type=\"widget\" data-widget_type=\"cz_gap.default\">\n\t\t\t\t<div class=\"elementor-widget-container\">\n\t\t\t\t\t<div class=\"cz_gap clr\"><\/div>\t\t\t\t<\/div>\n\t\t\t\t<\/div>\n\t\t<div class=\"elementor-element elementor-element-f8314d5 e-con-full e-flex e-con e-parent\" data-id=\"f8314d5\" data-element_type=\"container\">\n\t\t<div class=\"elementor-element elementor-element-20b39ca e-con-full e-flex e-con e-child\" data-id=\"20b39ca\" data-element_type=\"container\">\n\t\t\t\t<div class=\"elementor-element elementor-element-fc4b662 elementor-widget elementor-widget-image\" data-id=\"fc4b662\" data-element_type=\"widget\" data-widget_type=\"image.default\">\n\t\t\t\t<div class=\"elementor-widget-container\">\n\t\t\t\t\t\t\t\t\t\t\t\t\t\t\t<img decoding=\"async\" width=\"64\" height=\"64\" src=\"data:image\/svg+xml,%3Csvg%20xmlns%3D&#39;http%3A%2F%2Fwww.w3.org%2F2000%2Fsvg&#39;%20width=&#39;64&#39;%20height=&#39;64&#39;%20viewBox%3D&#39;0%200%2064%2064&#39;%2F%3E\" data-czlz data-src=\"https:\/\/i-valley.com\/wp-content\/uploads\/2023\/02\/saudi-arabia-1.png\" class=\"attachment-large size-large wp-image-1958\" alt=\"\" \/>\t\t\t\t\t\t\t\t\t\t\t\t\t\t\t<\/div>\n\t\t\t\t<\/div>\n\t\t\t\t<\/div>\n\t\t<div class=\"elementor-element elementor-element-839af54 e-con-full e-flex e-con e-child\" data-id=\"839af54\" data-element_type=\"container\">\n\t\t\t\t<div class=\"elementor-element elementor-element-58f3258 elementor-widget elementor-widget-cz_title\" data-id=\"58f3258\" data-element_type=\"widget\" data-widget_type=\"cz_title.default\">\n\t\t\t\t<div class=\"elementor-widget-container\">\n\t\t\t\t\t\t\r\n\t\t<div>\r\n\t\t\t<div class=\"cz_title clr cz_smart_fs cz_mobile_text_center cz_title_pos_inline\"><div class=\"cz_title_content\"><div class=\"cz_wpe_content\"><h3><span style=\"font-size: 38px;\"> Saudi Arabia Office <\/span><\/h3><\/div><\/div><\/div>\r\n\t\t<\/div>\r\n\t\t\r\n\t\t\t\t\t\t<\/div>\n\t\t\t\t<\/div>\n\t\t\t\t<\/div>\n\t\t\t\t<\/div>\n\t\t\t\t<div class=\"elementor-element elementor-element-763460e elementor-widget elementor-widget-cz_gap\" data-id=\"763460e\" data-element_type=\"widget\" data-widget_type=\"cz_gap.default\">\n\t\t\t\t<div class=\"elementor-widget-container\">\n\t\t\t\t\t<div class=\"cz_gap clr\"><\/div>\t\t\t\t<\/div>\n\t\t\t\t<\/div>\n\t\t\t\t<div class=\"elementor-element elementor-element-5b34f90 elementor-widget elementor-widget-cz_stylish_list\" data-id=\"5b34f90\" data-element_type=\"widget\" data-widget_type=\"cz_stylish_list.default\">\n\t\t\t\t<div class=\"elementor-widget-container\">\n\t\t\t\t\t<ul class=\"cz_stylish_list clr center_on_mobile cz_sl_icon_hover_push_in\"><li class=\"elementor-repeater-item-487a314 clr\"><div class=\"cz_sl_icon\"><i class=\"mr10 fa czico-083-placeholder-1\"><\/i><\/div><div><span>Riad, KSA<small>Prince Muhammad bin Salman Road, Al Rabie Towers, Al Nafl Building, dritte Etage<\/small><\/span><\/div><\/li><li class=\"elementor-repeater-item-923f9b1 clr\"><div class=\"cz_sl_icon\"><i class=\"mr10 fa czico-006-speech-bubble-with-text-lines\"><\/i><\/div><div><span>sales.sa@i-valley.com<small>Schreiben Sie uns eine E-Mail<\/small><\/span><\/div><\/li><li class=\"elementor-repeater-item-78388bb clr\"><div class=\"cz_sl_icon\"><i class=\"mr10 fa czico-092-phone-call-1\"><\/i><\/div><div><span> +966 55 442 3814<small>Sonntag-Donnerstag 9:00 - 23:00 Uhr<\/small><\/span><\/div><\/li><\/ul>\t\t\t\t<\/div>\n\t\t\t\t<\/div>\n\t\t\t\t<div class=\"elementor-element elementor-element-3f1b349 elementor-widget elementor-widget-cz_gap\" data-id=\"3f1b349\" data-element_type=\"widget\" data-widget_type=\"cz_gap.default\">\n\t\t\t\t<div class=\"elementor-widget-container\">\n\t\t\t\t\t<div class=\"cz_gap clr\"><\/div>\t\t\t\t<\/div>\n\t\t\t\t<\/div>\n\t\t\t\t\t<\/div>\n\t\t<\/div>\n\t\t\t\t\t<\/div>\n\t\t<\/section>\n\t\t\t\t<section class=\"elementor-section elementor-top-section elementor-element elementor-element-a766caf elementor-section-full_width elementor-section-stretched elementor-hidden-desktop elementor-hidden-tablet elementor-hidden-mobile elementor-section-height-default elementor-section-height-default\" data-id=\"a766caf\" data-element_type=\"section\" data-settings=\"{&quot;stretch_section&quot;:&quot;section-stretched&quot;}\">\n\t\t\t\t\t\t<div class=\"elementor-container elementor-column-gap-default\">\n\t\t\t\t\t<div class=\"elementor-column elementor-col-50 elementor-top-column elementor-element elementor-element-92b054c\" data-id=\"92b054c\" data-element_type=\"column\">\n\t\t\t<div class=\"elementor-widget-wrap elementor-element-populated\">\n\t\t\t\t\t\t<div class=\"elementor-element elementor-element-d7525fb elementor-widget elementor-widget-html\" data-id=\"d7525fb\" data-element_type=\"widget\" data-widget_type=\"html.default\">\n\t\t\t\t<div class=\"elementor-widget-container\">\n\t\t\t\t\t<iframe src=\"https:\/\/www.google.com\/maps\/embed?pb=!1m18!1m12!1m3!1d3451.306445159754!2d31.336612183675832!3d30.11404345979019!2m3!1f0!2f0!3f0!3m2!1i1024!2i768!4f13.1!3m3!1m2!1s0x145815c04f0c5fb1%3A0x5bf4c9a63a7a0043!2sI-Valley!5e0!3m2!1sar!2sus!4v1676740311719!5m2!1sar!2sus\" width=\"600\" height=\"450\" style=\"border:0;\" allowfullscreen=\"\" loading=\"lazy\" referrerpolicy=\"no-referrer-when-downgrade\"><\/iframe>\t\t\t\t<\/div>\n\t\t\t\t<\/div>\n\t\t\t\t\t<\/div>\n\t\t<\/div>\n\t\t\t\t<div class=\"elementor-column elementor-col-50 elementor-top-column elementor-element elementor-element-588b052\" data-id=\"588b052\" data-element_type=\"column\">\n\t\t\t<div class=\"elementor-widget-wrap elementor-element-populated\">\n\t\t\t\t\t\t<div class=\"elementor-element elementor-element-a8cccc3 elementor-widget elementor-widget-html\" data-id=\"a8cccc3\" data-element_type=\"widget\" data-widget_type=\"html.default\">\n\t\t\t\t<div class=\"elementor-widget-container\">\n\t\t\t\t\t<iframe src=\"https:\/\/snazzymaps.com\/embed\/204296\" width=\"100%\" height=\"450\" style=\"border:0;\" allowfullscreen=\"\" loading=\"lazy\" referrerpolicy=\"no-referrer-when-downgrade\"><\/iframe>\t\t\t\t<\/div>\n\t\t\t\t<\/div>\n\t\t\t\t\t<\/div>\n\t\t<\/div>\n\t\t\t\t\t<\/div>\n\t\t<\/section>\n\t\t\t\t<section class=\"elementor-section elementor-top-section elementor-element elementor-element-d6dbb3b elementor-section-full_width elementor-section-stretched elementor-section-height-default elementor-section-height-default\" data-id=\"d6dbb3b\" data-element_type=\"section\" data-settings=\"{&quot;stretch_section&quot;:&quot;section-stretched&quot;}\">\n\t\t\t\t\t\t<div class=\"elementor-container elementor-column-gap-default\">\n\t\t\t\t\t<div class=\"elementor-column elementor-col-100 elementor-top-column elementor-element elementor-element-f5d0f95\" data-id=\"f5d0f95\" data-element_type=\"column\">\n\t\t\t<div class=\"elementor-widget-wrap elementor-element-populated\">\n\t\t\t\t\t\t<div class=\"elementor-element elementor-element-9fd4517 elementor-widget elementor-widget-html\" data-id=\"9fd4517\" data-element_type=\"widget\" data-widget_type=\"html.default\">\n\t\t\t\t<div class=\"elementor-widget-container\">\n\t\t\t\t\t<iframe src=\"https:\/\/www.google.com\/maps\/embed?pb=!1m18!1m12!1m3!1d3451.306445159754!2d31.336612183675832!3d30.11404345979019!2m3!1f0!2f0!3f0!3m2!1i1024!2i768!4f13.1!3m3!1m2!1s0x145815c04f0c5fb1%3A0x5bf4c9a63a7a0043!2sI-Valley!5e0!3m2!1sar!2sus!4v1676740311719!5m2!1sar!2sus\" width=\"600\" height=\"450\" style=\"border:0;\" allowfullscreen=\"\" loading=\"lazy\" referrerpolicy=\"no-referrer-when-downgrade\"><\/iframe>\t\t\t\t<\/div>\n\t\t\t\t<\/div>\n\t\t\t\t\t<\/div>\n\t\t<\/div>\n\t\t\t\t\t<\/div>\n\t\t<\/section>\n\t\t\t\t<section class=\"elementor-section elementor-top-section elementor-element elementor-element-948e77c elementor-section-stretched elementor-section-boxed elementor-section-height-default elementor-section-height-default\" data-id=\"948e77c\" data-element_type=\"section\" data-settings=\"{&quot;stretch_section&quot;:&quot;section-stretched&quot;}\">\n\t\t\t\t\t\t<div class=\"elementor-container elementor-column-gap-no\">\n\t\t\t\t\t<div class=\"elementor-column elementor-col-100 elementor-top-column elementor-element elementor-element-76be83d\" data-id=\"76be83d\" data-element_type=\"column\">\n\t\t\t<div class=\"elementor-widget-wrap elementor-element-populated\">\n\t\t\t\t\t\t<div class=\"elementor-element elementor-element-3a8c8f1 elementor-widget elementor-widget-cz_title\" data-id=\"3a8c8f1\" data-element_type=\"widget\" data-widget_type=\"cz_title.default\">\n\t\t\t\t<div class=\"elementor-widget-container\">\n\t\t\t\t\t\t\r\n\t\t<div>\r\n\t\t\t<div class=\"cz_title clr cz_smart_fs cz_mobile_text_center cz_title_pos_inline\"><div class=\"cz_title_content\"><div class=\"cz_wpe_content\"><h3><span style=\"font-size: 48px;\">Kontaktiere uns<\/span><\/h3><\/div><\/div><\/div>\r\n\t\t<\/div>\r\n\t\t\r\n\t\t\t\t\t\t<\/div>\n\t\t\t\t<\/div>\n\t\t\t\t<div class=\"elementor-element elementor-element-d2c581d elementor-widget elementor-widget-cz_gap\" data-id=\"d2c581d\" data-element_type=\"widget\" data-widget_type=\"cz_gap.default\">\n\t\t\t\t<div class=\"elementor-widget-container\">\n\t\t\t\t\t<div class=\"cz_gap clr\"><\/div>\t\t\t\t<\/div>\n\t\t\t\t<\/div>\n\t\t\t\t<div class=\"elementor-element elementor-element-1f48f32 elementor-widget elementor-widget-cz_contact_form_7\" data-id=\"1f48f32\" data-element_type=\"widget\" data-widget_type=\"cz_contact_form_7.default\">\n\t\t\t\t<div class=\"elementor-widget-container\">\n\t\t\t\t\t\t\t<div class=\"cz_cf7 clr\">\r\n\t\t\t<div>\n<div class=\"wpcf7 no-js\" id=\"wpcf7-f4975-o1\" lang=\"en-US\" dir=\"ltr\">\n<div class=\"screen-reader-response\"><p role=\"status\" aria-live=\"polite\" aria-atomic=\"true\"><\/p> <ul><\/ul><\/div>\n<form action=\"\/de\/wp-json\/wp\/v2\/pages\/4969#wpcf7-f4975-o1\" method=\"post\" class=\"wpcf7-form init\" aria-label=\"Contact form\" novalidate=\"novalidate\" data-status=\"init\">\n<div style=\"display: none;\">\n<input type=\"hidden\" name=\"_wpcf7\" value=\"4975\" \/>\n<input type=\"hidden\" name=\"_wpcf7_version\" value=\"5.8.4\" \/>\n<input type=\"hidden\" name=\"_wpcf7_locale\" value=\"en_US\" \/>\n<input type=\"hidden\" name=\"_wpcf7_unit_tag\" value=\"wpcf7-f4975-o1\" \/>\n<input type=\"hidden\" name=\"_wpcf7_container_post\" value=\"0\" \/>\n<input type=\"hidden\" name=\"_wpcf7_posted_data_hash\" value=\"\" \/>\n<\/div>\n<row>\n\t<div class=\"col-md-12\">\n\t\t<p><label> Dein Name (erforderlich)<br \/>\n<span class=\"wpcf7-form-control-wrap\" data-name=\"your-name\"><input size=\"40\" class=\"wpcf7-form-control wpcf7-text wpcf7-validates-as-required\" aria-required=\"true\" aria-invalid=\"false\" value=\"\" type=\"text\" name=\"your-name\" \/><\/span> <\/label>\n\t\t<\/p>\n\t<\/div>\n\t<div class=\"col-md-6 col-sm-12\">\n\t\t<p><label> Ihre E-Mailadresse (erforderlich)<br \/>\n<span class=\"wpcf7-form-control-wrap\" data-name=\"your-email\"><input size=\"40\" class=\"wpcf7-form-control wpcf7-email wpcf7-validates-as-required wpcf7-text wpcf7-validates-as-email\" aria-required=\"true\" aria-invalid=\"false\" value=\"\" type=\"email\" name=\"your-email\" \/><\/span> <\/label>\n\t\t<\/p>\n\t<\/div>\n\t<div class=\"col-md-6 col-sm-12\" style=\"margin-left: 1% !important;\">\n\t\t<p><label> Telefon(required)<br \/>\n<span class=\"wpcf7-form-control-wrap\" data-name=\"tel-792\"><input size=\"40\" class=\"wpcf7-form-control wpcf7-tel wpcf7-validates-as-required wpcf7-text wpcf7-validates-as-tel\" aria-required=\"true\" aria-invalid=\"false\" value=\"\" type=\"tel\" name=\"tel-792\" \/><\/span> <\/label>\n\t\t<\/p>\n\t<\/div>\n\t<div class=\"col-md-12\">\n\t\t<p><label> Ihre Nachricht<br \/>\n<span class=\"wpcf7-form-control-wrap\" data-name=\"your-message\"><textarea cols=\"40\" rows=\"10\" class=\"wpcf7-form-control wpcf7-textarea\" aria-invalid=\"false\" name=\"your-message\"><\/textarea><\/span> <\/label>\n\t\t<\/p>\n\t<\/div>\n<\/row>\n<p><input class=\"wpcf7-form-control wpcf7-submit has-spinner\" type=\"submit\" value=\"Schicken\" \/>\n<\/p><div class=\"wpcf7-response-output\" aria-hidden=\"true\"><\/div>\n<\/form>\n<\/div>\n<\/div>\r\n\t\t<\/div>\r\n\t\t\t\t\t\t<\/div>\n\t\t\t\t<\/div>\n\t\t\t\t\t<\/div>\n\t\t<\/div>\n\t\t\t\t\t<\/div>\n\t\t<\/section>\n\t\t\t\t<\/div>\n\t\t","protected":false},"excerpt":{"rendered":"<p>\u00c4gypten-B\u00fcro Kairo, \u00c4gypten221 Gesr El Suez Street, Heliopolis, Gouvernement Kairo info@i-valley.comSchreiben &#8230; <\/p>\n","protected":false},"author":1,"featured_media":0,"parent":0,"menu_order":0,"comment_status":"closed","ping_status":"closed","template":"","meta":{"footnotes":""},"class_list":["post-4969","page","type-page","status-publish","hentry"],"yoast_head":"<!-- This site is optimized with the Yoast SEO plugin v21.6 - https:\/\/yoast.com\/wordpress\/plugins\/seo\/ -->\n<title>Kontakt - I-Valley<\/title>\n<meta name=\"robots\" content=\"index, follow, max-snippet:-1, max-image-preview:large, max-video-preview:-1\" \/>\n<link rel=\"canonical\" href=\"https:\/\/i-valley.com\/contact\/\" \/>\n<meta property=\"og:locale\" content=\"de_DE\" \/>\n<meta property=\"og:type\" content=\"article\" \/>\n<meta property=\"og:title\" content=\"Kontakt - I-Valley\" \/>\n<meta property=\"og:description\" content=\"\u00c4gypten-B\u00fcro Kairo, \u00c4gypten221 Gesr El Suez Street, Heliopolis, Gouvernement Kairo info@i-valley.comSchreiben ...\" \/>\n<meta property=\"og:url\" content=\"https:\/\/i-valley.com\/contact\/\" \/>\n<meta property=\"og:site_name\" content=\"I-Valley\" \/>\n<meta property=\"article:publisher\" content=\"https:\/\/www.facebook.com\/IvalleySoftware\" \/>\n<meta property=\"article:modified_time\" content=\"2025-04-03T09:50:21+00:00\" \/>\n<meta property=\"og:image\" content=\"https:\/\/i-valley.com\/wp-content\/uploads\/2023\/02\/egypt.png\" \/>\n<meta name=\"twitter:card\" content=\"summary_large_image\" \/>\n<meta name=\"twitter:site\" content=\"@ivalley1\" \/>\n<meta name=\"twitter:label1\" content=\"Gesch\u00e4tzte Lesezeit\" \/>\n\t<meta name=\"twitter:data1\" content=\"1\u00a0Minute\" \/>\n<script type=\"application\/ld+json\" class=\"yoast-schema-graph\">{\"@context\":\"https:\/\/schema.org\",\"@graph\":[{\"@type\":\"WebPage\",\"@id\":\"https:\/\/i-valley.com\/contact\/\",\"url\":\"https:\/\/i-valley.com\/contact\/\",\"name\":\"Kontakt - I-Valley\",\"isPartOf\":{\"@id\":\"https:\/\/i-valley.com\/#website\"},\"datePublished\":\"2017-06-10T08:25:52+00:00\",\"dateModified\":\"2025-04-03T09:50:21+00:00\",\"breadcrumb\":{\"@id\":\"https:\/\/i-valley.com\/contact\/#breadcrumb\"},\"inLanguage\":\"de\",\"potentialAction\":[{\"@type\":\"ReadAction\",\"target\":[\"https:\/\/i-valley.com\/contact\/\"]}]},{\"@type\":\"BreadcrumbList\",\"@id\":\"https:\/\/i-valley.com\/contact\/#breadcrumb\",\"itemListElement\":[{\"@type\":\"ListItem\",\"position\":1,\"name\":\"Home\",\"item\":\"https:\/\/i-valley.com\/\"},{\"@type\":\"ListItem\",\"position\":2,\"name\":\"Kontakt\"}]},{\"@type\":\"WebSite\",\"@id\":\"https:\/\/i-valley.com\/#website\",\"url\":\"https:\/\/i-valley.com\/\",\"name\":\"I-Valley\",\"description\":\"Software Solutions\",\"publisher\":{\"@id\":\"https:\/\/i-valley.com\/#organization\"},\"potentialAction\":[{\"@type\":\"SearchAction\",\"target\":{\"@type\":\"EntryPoint\",\"urlTemplate\":\"https:\/\/i-valley.com\/?s={search_term_string}\"},\"query-input\":\"required name=search_term_string\"}],\"inLanguage\":\"de\"},{\"@type\":\"Organization\",\"@id\":\"https:\/\/i-valley.com\/#organization\",\"name\":\"I-Valley Software House\",\"url\":\"https:\/\/i-valley.com\/\",\"logo\":{\"@type\":\"ImageObject\",\"inLanguage\":\"de\",\"@id\":\"https:\/\/i-valley.com\/#\/schema\/logo\/image\/\",\"url\":\"https:\/\/i-valley.com\/wp-content\/uploads\/2023\/02\/logo-2023-shadow4.png\",\"contentUrl\":\"https:\/\/i-valley.com\/wp-content\/uploads\/2023\/02\/logo-2023-shadow4.png\",\"width\":191,\"height\":63,\"caption\":\"I-Valley Software House\"},\"image\":{\"@id\":\"https:\/\/i-valley.com\/#\/schema\/logo\/image\/\"},\"sameAs\":[\"https:\/\/www.facebook.com\/IvalleySoftware\",\"https:\/\/twitter.com\/ivalley1\",\"https:\/\/www.linkedin.com\/in\/i-valley-software-solutions-265092137\/\",\"https:\/\/www.instagram.com\/ivalleysoftware\/\"]}]}<\/script>\n<!-- \/ Yoast SEO plugin. -->","yoast_head_json":{"title":"Kontakt - I-Valley","robots":{"index":"index","follow":"follow","max-snippet":"max-snippet:-1","max-image-preview":"max-image-preview:large","max-video-preview":"max-video-preview:-1"},"canonical":"https:\/\/i-valley.com\/contact\/","og_locale":"de_DE","og_type":"article","og_title":"Kontakt - I-Valley","og_description":"\u00c4gypten-B\u00fcro Kairo, \u00c4gypten221 Gesr El Suez Street, Heliopolis, Gouvernement Kairo info@i-valley.comSchreiben ...","og_url":"https:\/\/i-valley.com\/contact\/","og_site_name":"I-Valley","article_publisher":"https:\/\/www.facebook.com\/IvalleySoftware","article_modified_time":"2025-04-03T09:50:21+00:00","og_image":[{"url":"https:\/\/i-valley.com\/wp-content\/uploads\/2023\/02\/egypt.png"}],"twitter_card":"summary_large_image","twitter_site":"@ivalley1","twitter_misc":{"Gesch\u00e4tzte Lesezeit":"1\u00a0Minute"},"schema":{"@context":"https:\/\/schema.org","@graph":[{"@type":"WebPage","@id":"https:\/\/i-valley.com\/contact\/","url":"https:\/\/i-valley.com\/contact\/","name":"Kontakt - I-Valley","isPartOf":{"@id":"https:\/\/i-valley.com\/#website"},"datePublished":"2017-06-10T08:25:52+00:00","dateModified":"2025-04-03T09:50:21+00:00","breadcrumb":{"@id":"https:\/\/i-valley.com\/contact\/#breadcrumb"},"inLanguage":"de","potentialAction":[{"@type":"ReadAction","target":["https:\/\/i-valley.com\/contact\/"]}]},{"@type":"BreadcrumbList","@id":"https:\/\/i-valley.com\/contact\/#breadcrumb","itemListElement":[{"@type":"ListItem","position":1,"name":"Home","item":"https:\/\/i-valley.com\/"},{"@type":"ListItem","position":2,"name":"Kontakt"}]},{"@type":"WebSite","@id":"https:\/\/i-valley.com\/#website","url":"https:\/\/i-valley.com\/","name":"I-Valley","description":"Software Solutions","publisher":{"@id":"https:\/\/i-valley.com\/#organization"},"potentialAction":[{"@type":"SearchAction","target":{"@type":"EntryPoint","urlTemplate":"https:\/\/i-valley.com\/?s={search_term_string}"},"query-input":"required name=search_term_string"}],"inLanguage":"de"},{"@type":"Organization","@id":"https:\/\/i-valley.com\/#organization","name":"I-Valley Software House","url":"https:\/\/i-valley.com\/","logo":{"@type":"ImageObject","inLanguage":"de","@id":"https:\/\/i-valley.com\/#\/schema\/logo\/image\/","url":"https:\/\/i-valley.com\/wp-content\/uploads\/2023\/02\/logo-2023-shadow4.png","contentUrl":"https:\/\/i-valley.com\/wp-content\/uploads\/2023\/02\/logo-2023-shadow4.png","width":191,"height":63,"caption":"I-Valley Software House"},"image":{"@id":"https:\/\/i-valley.com\/#\/schema\/logo\/image\/"},"sameAs":["https:\/\/www.facebook.com\/IvalleySoftware","https:\/\/twitter.com\/ivalley1","https:\/\/www.linkedin.com\/in\/i-valley-software-solutions-265092137\/","https:\/\/www.instagram.com\/ivalleysoftware\/"]}]}},"_links":{"self":[{"href":"https:\/\/i-valley.com\/de\/wp-json\/wp\/v2\/pages\/4969","targetHints":{"allow":["GET"]}}],"collection":[{"href":"https:\/\/i-valley.com\/de\/wp-json\/wp\/v2\/pages"}],"about":[{"href":"https:\/\/i-valley.com\/de\/wp-json\/wp\/v2\/types\/page"}],"author":[{"embeddable":true,"href":"https:\/\/i-valley.com\/de\/wp-json\/wp\/v2\/users\/1"}],"replies":[{"embeddable":true,"href":"https:\/\/i-valley.com\/de\/wp-json\/wp\/v2\/comments?post=4969"}],"version-history":[{"count":0,"href":"https:\/\/i-valley.com\/de\/wp-json\/wp\/v2\/pages\/4969\/revisions"}],"wp:attachment":[{"href":"https:\/\/i-valley.com\/de\/wp-json\/wp\/v2\/media?parent=4969"}],"curies":[{"name":"wp","href":"https:\/\/api.w.org\/{rel}","templated":true}]}}